{"id":2,"date":"2024-10-18T12:37:15","date_gmt":"2024-10-18T12:37:15","guid":{"rendered":"https:\/\/underwaterimage.cl\/?page_id=2"},"modified":"2025-02-14T12:29:52","modified_gmt":"2025-02-14T12:29:52","slug":"sample-page","status":"publish","type":"page","link":"https:\/\/underwaterimage.cl\/?page_id=2","title":{"rendered":"Candidato a Diputado"},"content":{"rendered":"\n<p>Me dedicar\u00e9 a hacer respetar los derechos de propiedad y la libertad de todos mis conciudadanos (incluso de quienes pagan impuestos en mi pa\u00eds). Quienes act\u00faan mal y rompen las leyes pagar\u00e1n con dolor de su bolsillo y quienes no respeten la vida, pagar\u00e1n con libertad.\u00a0<\/p>\n\n\n\n<blockquote class=\"wp-block-quote is-layout-flow wp-block-quote-is-layout-flow\">\n<p>El Estado por definici\u00f3n No es capaz de producir ni $1 de utilidad. Solo produce gastas que usted debe financiar con su trabajo.<\/p>\n<\/blockquote>\n\n\n\n<p>&#8230;hasta cuando esperar\u00e1s que el Estado y los pol\u00edticos que lo administran te solucionen tus problemas:<\/p>\n\n\n\n<blockquote class=\"wp-block-quote is-layout-flow wp-block-quote-is-layout-flow\">\n<p>El Estado solo se justifica para facilitarnos la vida y para ello debe generar bienes y servicios de car\u00e1cter p\u00fablico.<\/p>\n<\/blockquote>\n\n\n\n<p>Los ciudadanos solo queremos vivir en paz y trabajar con tranquilidad, no con burocratas molestando en cada etapa importante de nuestras vidas. <\/p>\n","protected":false},"excerpt":{"rendered":"<p>Me dedicar\u00e9 a hacer respetar los derechos de propiedad y la libertad de todos mis conciudadanos (incluso de quienes pagan impuestos en mi pa\u00eds). Quienes act\u00faan mal y rompen las leyes pagar\u00e1n con dolor de su bolsillo y quienes no respeten la vida, pagar\u00e1n con libertad.\u00a0 El Estado por definici\u00f3n No es capaz de producir [&hellip;]<\/p>\n","protected":false},"author":1,"featured_media":15,"parent":0,"menu_order":0,"comment_status":"closed","ping_status":"open","template":"","meta":{"footnotes":""},"class_list":["post-2","page","type-page","status-publish","has-post-thumbnail","hentry"],"_links":{"self":[{"href":"https:\/\/underwaterimage.cl\/index.php?rest_route=\/wp\/v2\/pages\/2","targetHints":{"allow":["GET"]}}],"collection":[{"href":"https:\/\/underwaterimage.cl\/index.php?rest_route=\/wp\/v2\/pages"}],"about":[{"href":"https:\/\/underwaterimage.cl\/index.php?rest_route=\/wp\/v2\/types\/page"}],"author":[{"embeddable":true,"href":"https:\/\/underwaterimage.cl\/index.php?rest_route=\/wp\/v2\/users\/1"}],"replies":[{"embeddable":true,"href":"https:\/\/underwaterimage.cl\/index.php?rest_route=%2Fwp%2Fv2%2Fcomments&post=2"}],"version-history":[{"count":6,"href":"https:\/\/underwaterimage.cl\/index.php?rest_route=\/wp\/v2\/pages\/2\/revisions"}],"predecessor-version":[{"id":21,"href":"https:\/\/underwaterimage.cl\/index.php?rest_route=\/wp\/v2\/pages\/2\/revisions\/21"}],"wp:featuredmedia":[{"embeddable":true,"href":"https:\/\/underwaterimage.cl\/index.php?rest_route=\/wp\/v2\/media\/15"}],"wp:attachment":[{"href":"https:\/\/underwaterimage.cl\/index.php?rest_route=%2Fwp%2Fv2%2Fmedia&parent=2"}],"curies":[{"name":"wp","href":"https:\/\/api.w.org\/{rel}","templated":true}]}}